{"id":878,"date":"2021-07-21T19:33:14","date_gmt":"2021-07-21T17:33:14","guid":{"rendered":"http:\/\/qxxoqlu.cluster028.hosting.ovh.net\/?page_id=878"},"modified":"2021-10-12T11:09:17","modified_gmt":"2021-10-12T09:09:17","slug":"etapes","status":"publish","type":"page","link":"https:\/\/audreythomas-architecte.com\/index.php\/etapes\/","title":{"rendered":"\u00c9TAPES"},"content":{"rendered":"\n<div class=\"wp-block-group\"><div class=\"wp-block-group__inner-container\">\n<div class=\"wp-block-group\"><div class=\"wp-block-group__inner-container\">\n<div class=\"wp-block-columns are-vertically-aligned-center\">\n<div class=\"wp-block-column is-vertically-aligned-center\" style=\"flex-basis:100%\">\n<div class=\"wp-block-group\"><div class=\"wp-block-group__inner-container\">\n<div class=\"wp-block-media-text alignwide is-stacked-on-mobile is-vertically-aligned-center\" style=\"grid-template-columns:18% auto\"><figure class=\"wp-block-media-text__media\"><div class=\"mauer-stills-img-box-wrapper\"><div class=\"mauer-stills-img-box\" style=\"padding-top: 100%;  width: 625px;\" data-mauer-stills-default-width= \"625\"><img data-aspect-ratio=\"1\" data-thumbnail-aspect-ratio=\"1\" loading=\"lazy\" width=\"625\" height=\"625\" src=\"http:\/\/qxxoqlu.cluster028.hosting.ovh.net\/wp-content\/uploads\/2021\/07\/audrey-thomas-architecte-marseille-etape-1.png\" alt=\"\" class=\"wp-image-1196 size-full\" srcset=\"https:\/\/audreythomas-architecte.com\/wp-content\/uploads\/2021\/07\/audrey-thomas-architecte-marseille-etape-1.png 625w, https:\/\/audreythomas-architecte.com\/wp-content\/uploads\/2021\/07\/audrey-thomas-architecte-marseille-etape-1-300x300.png 300w, https:\/\/audreythomas-architecte.com\/wp-content\/uploads\/2021\/07\/audrey-thomas-architecte-marseille-etape-1-150x150.png 150w, https:\/\/audreythomas-architecte.com\/wp-content\/uploads\/2021\/07\/audrey-thomas-architecte-marseille-etape-1-586x586.png 586w, https:\/\/audreythomas-architecte.com\/wp-content\/uploads\/2021\/07\/audrey-thomas-architecte-marseille-etape-1-420x420.png 420w\" sizes=\"(max-width: 625px) 100vw, 625px\" \/><\/div><\/div><\/figure><div class=\"wp-block-media-text__content\">\n<p class=\"has-normal-font-size\"><strong><strong>\u00c9TAPE 1 &#8211; <\/strong>\u00c9TUDES PRELIMINAIRES<\/strong><br><strong><strong><sub>-Relev\u00e9s et plans de l\u2019existant<br>-\u00c9tudes de faisabilit\u00e9<br>-Esquisses sommaires avec propositions de projets<br>-Estimation au ratio du co\u00fbt des travaux<\/sub><br><em><sub>Objectif \/ D\u00e9finir une base de projet, valider un programme et un budget.<\/sub><\/em><\/strong><\/strong><\/p>\n<\/div><\/div>\n\n\n\n<div style=\"height:29px\" aria-hidden=\"true\" class=\"wp-block-spacer\"><\/div>\n\n\n\n<hr class=\"wp-block-separator has-text-color has-background has-luminous-vivid-orange-background-color has-luminous-vivid-orange-color is-style-wide\"\/>\n\n\n\n<div style=\"height:29px\" aria-hidden=\"true\" class=\"wp-block-spacer\"><\/div>\n\n\n\n<div class=\"wp-block-media-text alignwide is-stacked-on-mobile is-vertically-aligned-center\" style=\"grid-template-columns:19% auto\"><figure class=\"wp-block-media-text__media\"><div class=\"mauer-stills-img-box-wrapper\"><div class=\"mauer-stills-img-box\" style=\"padding-top: 100%;  width: 625px;\" data-mauer-stills-default-width= \"625\"><img data-aspect-ratio=\"1\" data-thumbnail-aspect-ratio=\"1\" loading=\"lazy\" width=\"625\" height=\"625\" src=\"http:\/\/qxxoqlu.cluster028.hosting.ovh.net\/wp-content\/uploads\/2021\/07\/audrey-thomas-architecte-marseille-etape-2.png\" alt=\"\" class=\"wp-image-1208 size-full\" srcset=\"https:\/\/audreythomas-architecte.com\/wp-content\/uploads\/2021\/07\/audrey-thomas-architecte-marseille-etape-2.png 625w, https:\/\/audreythomas-architecte.com\/wp-content\/uploads\/2021\/07\/audrey-thomas-architecte-marseille-etape-2-300x300.png 300w, https:\/\/audreythomas-architecte.com\/wp-content\/uploads\/2021\/07\/audrey-thomas-architecte-marseille-etape-2-150x150.png 150w, https:\/\/audreythomas-architecte.com\/wp-content\/uploads\/2021\/07\/audrey-thomas-architecte-marseille-etape-2-586x586.png 586w, https:\/\/audreythomas-architecte.com\/wp-content\/uploads\/2021\/07\/audrey-thomas-architecte-marseille-etape-2-420x420.png 420w\" sizes=\"(max-width: 625px) 100vw, 625px\" \/><\/div><\/div><\/figure><div class=\"wp-block-media-text__content\">\n<p class=\"has-normal-font-size\"><strong><strong>\u00c9TAPE 2 -CONCEPTION DE PROJET ET AUTORISATIONS D\u2019URBANISME<br><sub>-D\u00e9veloppement du projet<br>-Proposition de mat\u00e9rialit\u00e9<br>-Descriptifs sommaires et estimation du co\u00fbt des travaux<br>-Communication avec les services d\u2019urbanisme<\/sub><\/strong><\/strong><br><strong><strong><sub>-Constitution d\u2019un dossier de permis de construire ou de d\u00e9claration pr\u00e9alable<\/sub><br><em><strong><strong><em><sub>Objectif \/ D\u00e9velopper le projet pour valider des choix et d\u00e9poser une demande d\u2019autorisation d\u2019urbanisme.<\/sub><\/em><\/strong><\/strong><\/em><\/strong><\/strong><\/p>\n<\/div><\/div>\n\n\n\n<div style=\"height:29px\" aria-hidden=\"true\" class=\"wp-block-spacer\"><\/div>\n\n\n\n<hr class=\"wp-block-separator has-text-color has-background has-luminous-vivid-orange-background-color has-luminous-vivid-orange-color is-style-wide\"\/>\n\n\n\n<div style=\"height:29px\" aria-hidden=\"true\" class=\"wp-block-spacer\"><\/div>\n\n\n\n<div class=\"wp-block-media-text alignwide is-stacked-on-mobile is-vertically-aligned-center\" style=\"grid-template-columns:18% auto\"><figure class=\"wp-block-media-text__media\"><div class=\"mauer-stills-img-box-wrapper\"><div class=\"mauer-stills-img-box\" style=\"padding-top: 100%;  width: 625px;\" data-mauer-stills-default-width= \"625\"><img data-aspect-ratio=\"1\" data-thumbnail-aspect-ratio=\"1\" loading=\"lazy\" width=\"625\" height=\"625\" src=\"http:\/\/qxxoqlu.cluster028.hosting.ovh.net\/wp-content\/uploads\/2021\/07\/audrey-thomas-architecte-marseille-etape-3.png\" alt=\"\" class=\"wp-image-1198 size-full\" srcset=\"https:\/\/audreythomas-architecte.com\/wp-content\/uploads\/2021\/07\/audrey-thomas-architecte-marseille-etape-3.png 625w, https:\/\/audreythomas-architecte.com\/wp-content\/uploads\/2021\/07\/audrey-thomas-architecte-marseille-etape-3-300x300.png 300w, https:\/\/audreythomas-architecte.com\/wp-content\/uploads\/2021\/07\/audrey-thomas-architecte-marseille-etape-3-150x150.png 150w, https:\/\/audreythomas-architecte.com\/wp-content\/uploads\/2021\/07\/audrey-thomas-architecte-marseille-etape-3-586x586.png 586w, https:\/\/audreythomas-architecte.com\/wp-content\/uploads\/2021\/07\/audrey-thomas-architecte-marseille-etape-3-420x420.png 420w\" sizes=\"(max-width: 625px) 100vw, 625px\" \/><\/div><\/div><\/figure><div class=\"wp-block-media-text__content\">\n<p class=\"has-normal-font-size\"><strong><strong>\u00c9TAPE 3 -CONCEPTION DETAILLEE DU PROJET ET DOSSIER CONSULTATION ENTREPRISES&nbsp;<br><sub>-Finalisation de la conception<br>-Choix des mat\u00e9riaux et des \u00e9quipements<br>-Plans techniques (plomberie, \u00e9lectricit\u00e9) et plans de d\u00e9tails (mobilier, construction)<\/sub><\/strong><\/strong><br><strong><strong><sub>-Estimation d\u00e9taill\u00e9e du prix des travaux<br>-Remise du dossier de consultation des entreprises en vue des appels d\u2019offres<\/sub><\/strong><\/strong><br><strong><strong><sub>-Analyse des offres des entreprises<\/sub><br><em><sub>Objectif \/ \u00c9tablir le dossier qui servira \u00e0 la consultation des entreprises pour les travaux et vous assister pour choisir les entreprises.<\/sub><\/em><\/strong><\/strong><\/p>\n<\/div><\/div>\n\n\n\n<div style=\"height:29px\" aria-hidden=\"true\" class=\"wp-block-spacer\"><\/div>\n\n\n\n<hr class=\"wp-block-separator has-text-color has-background has-luminous-vivid-orange-background-color has-luminous-vivid-orange-color is-style-wide\"\/>\n\n\n\n<div style=\"height:29px\" aria-hidden=\"true\" class=\"wp-block-spacer\"><\/div>\n\n\n\n<div class=\"wp-block-media-text alignwide is-stacked-on-mobile is-vertically-aligned-center\" style=\"grid-template-columns:19% auto\"><figure class=\"wp-block-media-text__media\"><div class=\"mauer-stills-img-box-wrapper\"><div class=\"mauer-stills-img-box\" style=\"padding-top: 100%;  width: 625px;\" data-mauer-stills-default-width= \"625\"><img data-aspect-ratio=\"1\" data-thumbnail-aspect-ratio=\"1\" loading=\"lazy\" width=\"625\" height=\"625\" src=\"http:\/\/qxxoqlu.cluster028.hosting.ovh.net\/wp-content\/uploads\/2021\/07\/audrey-thomas-architecte-marseille-etape-4.png\" alt=\"\" class=\"wp-image-1199 size-full\" srcset=\"https:\/\/audreythomas-architecte.com\/wp-content\/uploads\/2021\/07\/audrey-thomas-architecte-marseille-etape-4.png 625w, https:\/\/audreythomas-architecte.com\/wp-content\/uploads\/2021\/07\/audrey-thomas-architecte-marseille-etape-4-300x300.png 300w, https:\/\/audreythomas-architecte.com\/wp-content\/uploads\/2021\/07\/audrey-thomas-architecte-marseille-etape-4-150x150.png 150w, https:\/\/audreythomas-architecte.com\/wp-content\/uploads\/2021\/07\/audrey-thomas-architecte-marseille-etape-4-586x586.png 586w, https:\/\/audreythomas-architecte.com\/wp-content\/uploads\/2021\/07\/audrey-thomas-architecte-marseille-etape-4-420x420.png 420w\" sizes=\"(max-width: 625px) 100vw, 625px\" \/><\/div><\/div><\/figure><div class=\"wp-block-media-text__content\">\n<p class=\"has-normal-font-size\"><strong><strong>\u00c9TAPE 4 -DIRECTION DES TRAVAUX<br><sub>-Suivi de chantier<br>-Mise au point d\u2019un planning de travaux<br>-Validation des situations financi\u00e8res<br>-R\u00e9ception du chantier<\/sub><br><em><sub>Objectif \/ Vous assister dans le suivi des travaux jusqu\u2019aux op\u00e9rations de r\u00e9ception du chantier.<\/sub><\/em><\/strong><\/strong><\/p>\n<\/div><\/div>\n<\/div><\/div>\n<\/div>\n<\/div>\n<\/div><\/div>\n<\/div><\/div>\n\n\n\n<hr class=\"wp-block-separator has-text-color has-background has-luminous-vivid-orange-background-color has-luminous-vivid-orange-color is-style-wide\"\/>\n\n\n\n<p class=\"has-text-align-left\" style=\"font-size:14px\"><span style=\"color:#ebc4a3\" class=\"has-inline-color\"><strong><strong>Taux horaire :<\/strong> 90\u20acHT<br><strong>Visite conseil (dur\u00e9e entre 1h et 2h) :<\/strong> Forfait \u00e0 partir de 150\u20acHT suivant situation g\u00e9ographique. Ce forfait sera d\u00e9duit du prix de la mission<\/strong>.<\/span><\/p>\n\n\n\n\n\n\n\n<p class=\"has-text-align-left\" style=\"font-size:14px\"><span style=\"color:#ebc4a3\" class=\"has-inline-color\"><strong><em>Exemple d\u2019honoraires \/ Chaque projet est unique et les prix sont donn\u00e9s \u00e0 titre indicatif.<\/em><\/strong><\/span><\/p>\n\n\n\n<ul class=\"has-small-font-size\"><li><span style=\"color:#ebc4a3\" class=\"has-inline-color\"><strong>Phase 1 \/<\/strong> \u00e0 partir de 1200\u20acHT suivant complexit\u00e9 et montant des travaux envisag\u00e9s.<\/span><\/li><li><span style=\"color:#ebc4a3\" class=\"has-inline-color\"><strong>Phase 2 \/<\/strong> \u00e0 partir de 1500\u20acHT suivant complexit\u00e9 et montant des travaux envisag\u00e9s.<\/span><\/li><li><span style=\"color:#ebc4a3\" class=\"has-inline-color\"><strong>Phase 3 \/<\/strong> entre 2 et 4% du montant des travaux suivant complexit\u00e9.<\/span><\/li><li><span style=\"color:#ebc4a3\" class=\"has-inline-color\"><strong>Phase 4 \/<\/strong> entre 4 et 5% du montant des travaux suivant complexit\u00e9<\/span><\/li><\/ul>\n\n\n\n<p class=\"has-text-align-left has-luminous-vivid-orange-color has-text-color has-small-font-size\"><span style=\"color:#ebc4a3\" class=\"has-inline-color\">Des mission partielles sont envisageables suivant vos besoins et votre budget .<br>N\u2019h\u00e9sitez pas \u00e0 me contacter pour me parler de votre projet. <\/span><\/p>\n\n\n\n<div class=\"wp-block-group\"><div class=\"wp-block-group__inner-container\">\n<figure class=\"wp-block-image size-large\"><div class=\"mauer-stills-img-box-wrapper\"><div class=\"mauer-stills-img-box\" style=\"padding-top: 151.51515151515%;  width: 1320px;\" data-mauer-stills-default-width= \"1320\"><img data-aspect-ratio=\"0.6602383822\" data-thumbnail-aspect-ratio=\"0.66\" loading=\"lazy\" width=\"1320\" height=\"2000\" src=\"http:\/\/qxxoqlu.cluster028.hosting.ovh.net\/wp-content\/uploads\/2021\/07\/audrey-thomas-architecte-marseille-1320x2000.png\" alt=\"\" class=\"wp-image-1454\" srcset=\"https:\/\/audreythomas-architecte.com\/wp-content\/uploads\/2021\/07\/audrey-thomas-architecte-marseille-1320x2000.png 1320w, https:\/\/audreythomas-architecte.com\/wp-content\/uploads\/2021\/07\/audrey-thomas-architecte-marseille-198x300.png 198w, https:\/\/audreythomas-architecte.com\/wp-content\/uploads\/2021\/07\/audrey-thomas-architecte-marseille-768x1163.png 768w, https:\/\/audreythomas-architecte.com\/wp-content\/uploads\/2021\/07\/audrey-thomas-architecte-marseille-1014x1536.png 1014w, https:\/\/audreythomas-architecte.com\/wp-content\/uploads\/2021\/07\/audrey-thomas-architecte-marseille-1352x2048.png 1352w, https:\/\/audreythomas-architecte.com\/wp-content\/uploads\/2021\/07\/audrey-thomas-architecte-marseille-780x1181.png 780w, https:\/\/audreythomas-architecte.com\/wp-content\/uploads\/2021\/07\/audrey-thomas-architecte-marseille-607x920.png 607w, https:\/\/audreythomas-architecte.com\/wp-content\/uploads\/2021\/07\/audrey-thomas-architecte-marseille-624x945.png 624w, https:\/\/audreythomas-architecte.com\/wp-content\/uploads\/2021\/07\/audrey-thomas-architecte-marseille-387x586.png 387w, https:\/\/audreythomas-architecte.com\/wp-content\/uploads\/2021\/07\/audrey-thomas-architecte-marseille-420x636.png 420w, https:\/\/audreythomas-architecte.com\/wp-content\/uploads\/2021\/07\/audrey-thomas-architecte-marseille-951x1440.png 951w\" sizes=\"(max-width: 1320px) 100vw, 1320px\" \/><\/div><\/div><\/figure>\n<\/div><\/div>\n\n\n\n\n","protected":false},"excerpt":{"rendered":"<p>\u00c9TAPE 1 &#8211; \u00c9TUDES PRELIMINAIRES-Relev\u00e9s et plans de l\u2019existant-\u00c9tudes de faisabilit\u00e9-Esquisses sommaires avec propositions de projets-Estimation au ratio du co\u00fbt des travauxObjectif \/ D\u00e9finir une base de projet, valider un programme et un budget. \u00c9TAPE 2 -CONCEPTION DE PROJET ET<\/p>\n\t\t<div class=\"more-link-holder\">\n\t\t\t<a class=\"more-link\" href=\"https:\/\/audreythomas-architecte.com\/index.php\/etapes\/\">read more <i class=\"fa fa-angle-right\"><\/i><\/a>\n\t\t<\/div>","protected":false},"author":1,"featured_media":0,"parent":0,"menu_order":0,"comment_status":"closed","ping_status":"closed","template":"","meta":{"_eb_attr":"","spay_email":""},"_links":{"self":[{"href":"https:\/\/audreythomas-architecte.com\/index.php\/wp-json\/wp\/v2\/pages\/878"}],"collection":[{"href":"https:\/\/audreythomas-architecte.com\/index.php\/wp-json\/wp\/v2\/pages"}],"about":[{"href":"https:\/\/audreythomas-architecte.com\/index.php\/wp-json\/wp\/v2\/types\/page"}],"author":[{"embeddable":true,"href":"https:\/\/audreythomas-architecte.com\/index.php\/wp-json\/wp\/v2\/users\/1"}],"replies":[{"embeddable":true,"href":"https:\/\/audreythomas-architecte.com\/index.php\/wp-json\/wp\/v2\/comments?post=878"}],"version-history":[{"count":46,"href":"https:\/\/audreythomas-architecte.com\/index.php\/wp-json\/wp\/v2\/pages\/878\/revisions"}],"predecessor-version":[{"id":1641,"href":"https:\/\/audreythomas-architecte.com\/index.php\/wp-json\/wp\/v2\/pages\/878\/revisions\/1641"}],"wp:attachment":[{"href":"https:\/\/audreythomas-architecte.com\/index.php\/wp-json\/wp\/v2\/media?parent=878"}],"curies":[{"name":"wp","href":"https:\/\/api.w.org\/{rel}","templated":true}]}}